{"id":1635,"date":"2022-08-04T16:59:26","date_gmt":"2022-08-04T14:59:26","guid":{"rendered":"https:\/\/virtualnimuzej.aspira.hr\/?page_id=1635"},"modified":"2022-08-22T15:16:35","modified_gmt":"2022-08-22T13:16:35","slug":"about-aspira","status":"publish","type":"page","link":"https:\/\/virtualnimuzej.aspira.hr\/en\/about-aspira\/","title":{"rendered":"About Aspira"},"content":{"rendered":"<div class=\"fusion-fullwidth fullwidth-box fusion-builder-row-1 fusion-flex-container nonhundred-percent-fullwidth non-hundred-percent-height-scrolling\" style=\"background-color: rgba(255,255,255,0);background-position: center center;background-repeat: no-repeat;border-width: 0px 0px 0px 0px;border-color:var(--awb-color3);border-style:solid;\" ><div class=\"fusion-builder-row fusion-row fusion-flex-align-items-flex-start\" style=\"max-width:1248px;margin-left: calc(-4% \/ 2 );margin-right: calc(-4% \/ 2 );\"><div class=\"fusion-layout-column fusion_builder_column fusion-builder-column-0 fusion_builder_column_1_2 1_2 fusion-flex-column\"><div class=\"fusion-column-wrapper fusion-flex-justify-content-flex-start fusion-content-layout-column\" style=\"background-position:left top;background-repeat:no-repeat;-webkit-background-size:cover;-moz-background-size:cover;-o-background-size:cover;background-size:cover;padding: 0px 0px 0px 0px;\"><style type=\"text\/css\">@media only screen and (max-width:1024px) {.fusion-title.fusion-title-1{margin-top:10px!important; margin-right:0px!important;margin-bottom:15px!important;margin-left:0px!important;}}@media only screen and (max-width:640px) {.fusion-title.fusion-title-1{margin-top:10px!important; margin-right:0px!important;margin-bottom:10px!important; margin-left:0px!important;}}<\/style><div class=\"fusion-title title fusion-title-1 fusion-sep-none fusion-title-text fusion-title-size-one\" style=\"margin-top:10px;margin-right:0px;margin-bottom:15px;margin-left:0px;\"><h1 class=\"title-heading-left\" style=\"margin:0;\">O instituciji:<\/h1><\/div><div class=\"fusion-text fusion-text-1\"><p>Visoka \u0161kola za menad\u017ement i dizajn\u00a0<span class=\"il\">Aspira<\/span>\u00a0osnovana je 2008. godine te zajedno sa Suvremenim u\u010dili\u0161tem i Pomorskim u\u010dili\u0161tem Atlantis \u010dini jednu od najve\u0107ih privatnih obrazovnih grupacija u Hrvatskoj koja danas posluje u dva najve\u0107a hrvatska grada \u2013 Splitu i Zagrebu. Ono \u0161to je Aspiru i od samih po\u010detaka \u010dinilo druga\u010dijom od ostalih obrazovnih institucija, usmjerenost je ka usvajanju prakti\u010dnih i globalno primjenjivih znanja. Danas\u00a0<span class=\"il\">Aspira<\/span>, kao privatna i neprofitna ustanova, izvodi stru\u010dne studije Sportskog menad\u017ementa, Ra\u010dunarstva \u2013 Programskog in\u017eenjerstva, Me\u0111unarodnog menad\u017ementa u hotelijerstvu i turizmu i Hotelijersko turisti\u010dki menad\u017ement te razvija stru\u010dnu i znanstvenu djelatnost u skladu sa Zakonom.<\/p>\n<p>U popisu<span style=\"color: #ff0000;\"><strong>\u00a0<a style=\"color: #ff0000;\" href=\"https:\/\/www.aspira.hr\/studiji\/\" target=\"_blank\" rel=\"noopener\" data-saferedirecturl=\"https:\/\/www.google.com\/url?q=https:\/\/www.aspira.hr\/studiji\/&amp;source=gmail&amp;ust=1652733738504000&amp;usg=AOvVaw19xY3OU3op8CG4cEcGw8rq\">studijskih programa<\/a>\u00a0<\/strong><\/span>mo\u017eete prona\u0107i vi\u0161e informacija. O njezinoj veli\u010dini, govori podatak da danas broji preko 250 stalno zaposlenih djelatnika i vanjskih suradnika. Visoka \u0161kola je registrirana u skladu sa Zakonom o visokom obrazovanju i prepoznata kao visokokvalitetna institucija te certificirana ISO certifikatom za kvalitetu nastave.\u00a0<span class=\"il\">Aspira<\/span>\u00a0ostvaruje suradnju s brojnim organizacijama, a iznimno je va\u017eno mi\u0161ljenje organizacija povezanih s potrebama tr\u017ei\u0161ta za zapo\u0161ljavanje.<\/p>\n<\/div><\/div><style type=\"text\/css\">.fusion-body .fusion-builder-column-0{width:50% !important;margin-top : 0px;margin-bottom : 20px;}.fusion-builder-column-0 > .fusion-column-wrapper {padding-top : 0px !important;padding-right : 0px !important;margin-right : 3.84%;padding-bottom : 0px !important;padding-left : 0px !important;margin-left : 3.84%;}@media only screen and (max-width:1024px) {.fusion-body .fusion-builder-column-0{width:50% !important;order : 0;}.fusion-builder-column-0 > .fusion-column-wrapper {margin-right : 3.84%;margin-left : 3.84%;}}@media only screen and (max-width:640px) {.fusion-body .fusion-builder-column-0{width:100% !important;order : 0;}.fusion-builder-column-0 > .fusion-column-wrapper {margin-right : 1.92%;margin-left : 1.92%;}}<\/style><\/div><div class=\"fusion-layout-column fusion_builder_column fusion-builder-column-1 fusion_builder_column_1_2 1_2 fusion-flex-column\"><div class=\"fusion-column-wrapper fusion-flex-justify-content-flex-start fusion-content-layout-column\" style=\"background-position:left top;background-repeat:no-repeat;-webkit-background-size:cover;-moz-background-size:cover;-o-background-size:cover;background-size:cover;padding: 0px 0px 0px 0px;\"><style type=\"text\/css\">@media only screen and (max-width:1024px) {.fusion-title.fusion-title-2{margin-top:10px!important; margin-right:0px!important;margin-bottom:15px!important;margin-left:0px!important;}}@media only screen and (max-width:640px) {.fusion-title.fusion-title-2{margin-top:10px!important; margin-right:0px!important;margin-bottom:10px!important; margin-left:0px!important;}}<\/style><div class=\"fusion-title title fusion-title-2 fusion-sep-none fusion-title-text fusion-title-size-one\" style=\"margin-top:10px;margin-right:0px;margin-bottom:15px;margin-left:0px;\"><h1 class=\"title-heading-left\" style=\"margin:0;\">\u0160to nudimo:<\/h1><\/div><div class=\"fusion-text fusion-text-2\"><p style=\"font-weight: 400;\">Osim \u0161est studijskih programa koje nudi Visoka \u0161kola Aspira, u ponudi se nalazi i veliki broj edukativnih programa razli\u010ditog sadr\u017eaja i trajanja koje se nude u skladu s potrebama tr\u017ei\u0161ta rada i interesa Aspirinih klijenata.<\/p>\n<p style=\"font-weight: 400;\">Aspira nudi velik broj programa obrazovanja i usavr\u0161avanja u podru\u010djima turizma i ugostiteljstva, menad\u017ementa, poslovnih programa, nauti\u010dkog turizma, informacijskih znanosti i drugih djelatnosti. Svi programi omogu\u0107uju polaznicima stjecanje vrijednih znanja s naglaskom na prakti\u010dne vje\u0161tine koje im osiguravaju odli\u010dnu startnu poziciju na tr\u017ei\u0161tu rada, a onima koji su ve\u0107 zaposleni osiguravaju da su uvijek u korak s trendovima kako bi osigurali svoju budu\u0107nost u karijeri kojom se \u017eele baviti. Polaznici koji upisuju programe obrazovanja i usavr\u0161avanja stje\u010du uvjerenje koje se upisuje u e-radnu knji\u017eicu i tako formaliziraju ste\u010dena zvanja.<\/p>\n<p style=\"font-weight: 400;\">Uz to, nudi se i velik broj kra\u0107ih edukacija, usmjerenih na konkretna i prakti\u010dna znanja koja \u010desto organiziraju \u00a0u suradnji s nekim od brojnih partnerskih institucija. U takvim slu\u010dajevima, kreiraju se potpuno novi, tailor-made programi, koji su u potpunosti prilago\u0111eni potrebama polaznika te im osiguravanju stjecanje to\u010dno onih znanja i vje\u0161tina potrebnih za uspje\u0161an rad.<\/p>\n<p style=\"font-weight: 400;\">U\u00a0<span style=\"color: #ff0000;\"><strong><a style=\"color: #ff0000;\" href=\"https:\/\/www.aspira.hr\/cjelozivotno-obrazovanje\/\" data-saferedirecturl=\"https:\/\/www.google.com\/url?q=https:\/\/www.aspira.hr\/cjelozivotno-obrazovanje\/&amp;source=gmail&amp;ust=1652734103192000&amp;usg=AOvVaw3aIX9nOq1PeoQJIC0MMPri\">popisu programa<\/a>\u00a0<\/strong><\/span>mo\u017eete prona\u0107i detaljnije informacije o formalnim i trening programima koji se izvode.<\/p>\n<\/div><\/div><style type=\"text\/css\">.fusion-body .fusion-builder-column-1{width:50% !important;margin-top : 0px;margin-bottom : 20px;}.fusion-builder-column-1 > .fusion-column-wrapper {padding-top : 0px !important;padding-right : 0px !important;margin-right : 3.84%;padding-bottom : 0px !important;padding-left : 0px !important;margin-left : 3.84%;}@media only screen and (max-width:1024px) {.fusion-body .fusion-builder-column-1{width:50% !important;order : 0;}.fusion-builder-column-1 > .fusion-column-wrapper {margin-right : 3.84%;margin-left : 3.84%;}}@media only screen and (max-width:640px) {.fusion-body .fusion-builder-column-1{width:100% !important;order : 0;}.fusion-builder-column-1 > .fusion-column-wrapper {margin-right : 1.92%;margin-left : 1.92%;}}<\/style><\/div><\/div><style type=\"text\/css\">.fusion-body .fusion-flex-container.fusion-builder-row-1{ padding-top : 0px;margin-top : 0px;padding-right : 0px;padding-bottom : 0px;margin-bottom : 0px;padding-left : 0px;}<\/style><\/div>\n","protected":false},"excerpt":{"rendered":"","protected":false},"author":1,"featured_media":0,"parent":0,"menu_order":0,"comment_status":"closed","ping_status":"closed","template":"100-width.php","meta":{"footnotes":""},"class_list":["post-1635","page","type-page","status-publish","hentry"],"yoast_head":"<!-- This site is optimized with the Yoast SEO plugin v20.7 - https:\/\/yoast.com\/wordpress\/plugins\/seo\/ -->\n<title>About Aspira - Aspira Virtualni Muzej iseljeni\u0161tva Dalmacije<\/title>\n<meta name=\"robots\" content=\"index, follow, max-snippet:-1, max-image-preview:large, max-video-preview:-1\" \/>\n<link rel=\"canonical\" href=\"https:\/\/virtualnimuzej.aspira.hr\/es\/o-aspiri\/\" \/>\n<meta property=\"og:locale\" content=\"en_US\" \/>\n<meta property=\"og:type\" content=\"article\" \/>\n<meta property=\"og:title\" content=\"About Aspira - Aspira Virtualni Muzej iseljeni\u0161tva Dalmacije\" \/>\n<meta property=\"og:url\" content=\"https:\/\/virtualnimuzej.aspira.hr\/es\/o-aspiri\/\" \/>\n<meta property=\"og:site_name\" content=\"Aspira Virtualni Muzej iseljeni\u0161tva Dalmacije\" \/>\n<meta property=\"article:modified_time\" content=\"2022-08-22T13:16:35+00:00\" \/>\n<meta name=\"twitter:card\" content=\"summary_large_image\" \/>\n<meta name=\"twitter:label1\" content=\"Est. reading time\" \/>\n\t<meta name=\"twitter:data1\" content=\"4 minutes\" \/>\n<script type=\"application\/ld+json\" class=\"yoast-schema-graph\">{\"@context\":\"https:\/\/schema.org\",\"@graph\":[{\"@type\":\"WebPage\",\"@id\":\"https:\/\/virtualnimuzej.aspira.hr\/es\/o-aspiri\/\",\"url\":\"https:\/\/virtualnimuzej.aspira.hr\/es\/o-aspiri\/\",\"name\":\"About Aspira - Aspira Virtualni Muzej iseljeni\u0161tva Dalmacije\",\"isPartOf\":{\"@id\":\"https:\/\/virtualnimuzej.aspira.hr\/#website\"},\"datePublished\":\"2022-08-04T14:59:26+00:00\",\"dateModified\":\"2022-08-22T13:16:35+00:00\",\"breadcrumb\":{\"@id\":\"https:\/\/virtualnimuzej.aspira.hr\/es\/o-aspiri\/#breadcrumb\"},\"inLanguage\":\"en-US\",\"potentialAction\":[{\"@type\":\"ReadAction\",\"target\":[\"https:\/\/virtualnimuzej.aspira.hr\/es\/o-aspiri\/\"]}]},{\"@type\":\"BreadcrumbList\",\"@id\":\"https:\/\/virtualnimuzej.aspira.hr\/es\/o-aspiri\/#breadcrumb\",\"itemListElement\":[{\"@type\":\"ListItem\",\"position\":1,\"name\":\"Naslovna\",\"item\":\"https:\/\/virtualnimuzej.aspira.hr\/en\/\"},{\"@type\":\"ListItem\",\"position\":2,\"name\":\"About Aspira\"}]},{\"@type\":\"WebSite\",\"@id\":\"https:\/\/virtualnimuzej.aspira.hr\/#website\",\"url\":\"https:\/\/virtualnimuzej.aspira.hr\/\",\"name\":\"Aspira Virtualni Muzej iseljeni\u0161tva Dalmacije\",\"description\":\"Muzej iseljeni\u0161tva je zami\u0161ljen kao mjesto skupljanja i prezentacije gra\u0111e o hrvatskom iseljeni\u0161tvu i povijesti iseljavanja koja nikada nije bila dovoljno istra\u017eena.\",\"potentialAction\":[{\"@type\":\"SearchAction\",\"target\":{\"@type\":\"EntryPoint\",\"urlTemplate\":\"https:\/\/virtualnimuzej.aspira.hr\/?s={search_term_string}\"},\"query-input\":\"required name=search_term_string\"}],\"inLanguage\":\"en-US\"}]}<\/script>\n<!-- \/ Yoast SEO plugin. -->","yoast_head_json":{"title":"About Aspira - Aspira Virtualni Muzej iseljeni\u0161tva Dalmacije","robots":{"index":"index","follow":"follow","max-snippet":"max-snippet:-1","max-image-preview":"max-image-preview:large","max-video-preview":"max-video-preview:-1"},"canonical":"https:\/\/virtualnimuzej.aspira.hr\/es\/o-aspiri\/","og_locale":"en_US","og_type":"article","og_title":"About Aspira - Aspira Virtualni Muzej iseljeni\u0161tva Dalmacije","og_url":"https:\/\/virtualnimuzej.aspira.hr\/es\/o-aspiri\/","og_site_name":"Aspira Virtualni Muzej iseljeni\u0161tva Dalmacije","article_modified_time":"2022-08-22T13:16:35+00:00","twitter_card":"summary_large_image","twitter_misc":{"Est. reading time":"4 minutes"},"schema":{"@context":"https:\/\/schema.org","@graph":[{"@type":"WebPage","@id":"https:\/\/virtualnimuzej.aspira.hr\/es\/o-aspiri\/","url":"https:\/\/virtualnimuzej.aspira.hr\/es\/o-aspiri\/","name":"About Aspira - Aspira Virtualni Muzej iseljeni\u0161tva Dalmacije","isPartOf":{"@id":"https:\/\/virtualnimuzej.aspira.hr\/#website"},"datePublished":"2022-08-04T14:59:26+00:00","dateModified":"2022-08-22T13:16:35+00:00","breadcrumb":{"@id":"https:\/\/virtualnimuzej.aspira.hr\/es\/o-aspiri\/#breadcrumb"},"inLanguage":"en-US","potentialAction":[{"@type":"ReadAction","target":["https:\/\/virtualnimuzej.aspira.hr\/es\/o-aspiri\/"]}]},{"@type":"BreadcrumbList","@id":"https:\/\/virtualnimuzej.aspira.hr\/es\/o-aspiri\/#breadcrumb","itemListElement":[{"@type":"ListItem","position":1,"name":"Naslovna","item":"https:\/\/virtualnimuzej.aspira.hr\/en\/"},{"@type":"ListItem","position":2,"name":"About Aspira"}]},{"@type":"WebSite","@id":"https:\/\/virtualnimuzej.aspira.hr\/#website","url":"https:\/\/virtualnimuzej.aspira.hr\/","name":"Aspira Virtualni Muzej iseljeni\u0161tva Dalmacije","description":"Muzej iseljeni\u0161tva je zami\u0161ljen kao mjesto skupljanja i prezentacije gra\u0111e o hrvatskom iseljeni\u0161tvu i povijesti iseljavanja koja nikada nije bila dovoljno istra\u017eena.","potentialAction":[{"@type":"SearchAction","target":{"@type":"EntryPoint","urlTemplate":"https:\/\/virtualnimuzej.aspira.hr\/?s={search_term_string}"},"query-input":"required name=search_term_string"}],"inLanguage":"en-US"}]}},"_links":{"self":[{"href":"https:\/\/virtualnimuzej.aspira.hr\/en\/wp-json\/wp\/v2\/pages\/1635","targetHints":{"allow":["GET"]}}],"collection":[{"href":"https:\/\/virtualnimuzej.aspira.hr\/en\/wp-json\/wp\/v2\/pages"}],"about":[{"href":"https:\/\/virtualnimuzej.aspira.hr\/en\/wp-json\/wp\/v2\/types\/page"}],"author":[{"embeddable":true,"href":"https:\/\/virtualnimuzej.aspira.hr\/en\/wp-json\/wp\/v2\/users\/1"}],"replies":[{"embeddable":true,"href":"https:\/\/virtualnimuzej.aspira.hr\/en\/wp-json\/wp\/v2\/comments?post=1635"}],"version-history":[{"count":4,"href":"https:\/\/virtualnimuzej.aspira.hr\/en\/wp-json\/wp\/v2\/pages\/1635\/revisions"}],"predecessor-version":[{"id":2099,"href":"https:\/\/virtualnimuzej.aspira.hr\/en\/wp-json\/wp\/v2\/pages\/1635\/revisions\/2099"}],"wp:attachment":[{"href":"https:\/\/virtualnimuzej.aspira.hr\/en\/wp-json\/wp\/v2\/media?parent=1635"}],"curies":[{"name":"wp","href":"https:\/\/api.w.org\/{rel}","templated":true}]}}