{"id":1630,"date":"2022-05-11T01:52:27","date_gmt":"2022-05-10T23:52:27","guid":{"rendered":"https:\/\/virtualnimuzej.aspira.hr\/uredivacko-vijece-virtualnoga-muzeja\/"},"modified":"2022-10-03T17:14:52","modified_gmt":"2022-10-03T15:14:52","slug":"consejo-editorial","status":"publish","type":"page","link":"https:\/\/virtualnimuzej.aspira.hr\/es\/consejo-editorial\/","title":{"rendered":"Consejo Editorial"},"content":{"rendered":"<p>&nbsp;<\/p>\n<p><strong>Budak<\/strong>, Luka mr. sc., Macquarie University, Sydney, Australija<\/p>\n<p><strong>Dedi\u0107<\/strong>, Snje\u017eana, Santa Cruz de la Sierra, Bolivija<\/p>\n<p><strong>Dela Torre Damianovic<\/strong>, Lucas prof., Punta Arenas, \u010cile<\/p>\n<p><strong>Grbi\u0107<\/strong>, Darinka, Universidad Nacional, San Jose, Kostarika<\/p>\n<p><strong>Kurtovi\u0107 Budja<\/strong>, Ivana dr. sc., Institut za jezik i jezikoslovlje, Zagreb<\/p>\n<p><strong>Mandac<\/strong>, Petra, kustosica i povjesni\u010darka umjetnosti, Visoka \u0161kola Aspira Split, Hrvatska<\/p>\n<p><strong>Mija\u010d<\/strong>, Rudi, po\u010dasni konzul Republike Hrvatske, Punta Arenas, \u010cile<\/p>\n<p><strong>Mustapi\u0107<\/strong>, Kre\u0161imir ing., predsjednik AMCA-e, Toronto, Kanada<\/p>\n<p><strong>Ninkovich<\/strong>, Tom, izdava\u010d i dizajner, Watsonville, Kalifornija, SAD<\/p>\n<p><strong>Sardeli\u0107<\/strong>, Ivana, dipl. povjesni\u010darka, Blato, Kor\u010dula<\/p>\n<p><strong>Smajic<\/strong>, Adriana, pravnica, Buenos Aires, Argentina<\/p>\n<p><strong>Petrich<\/strong>, Clare, predsjednica povjerenstva luke Tacoma, Washington, SAD<\/p>\n<p><strong>Vrljicak<\/strong>, Joza mag., urednik \u010dasopisa Studia Croatica<\/p>\n","protected":false},"excerpt":{"rendered":"<p>&nbsp; Budak, Luka mr. sc., Macquarie University, Sydney, Australija Dedi\u0107, Snje\u017eana, Santa Cruz de la Sierra, Bolivija Dela Torre Damianovic, Lucas prof., Punta Arenas, \u010cile Grbi\u0107, Darinka, Universidad Nacional, San [&hellip;]<\/p>\n","protected":false},"author":1,"featured_media":0,"parent":0,"menu_order":0,"comment_status":"closed","ping_status":"closed","template":"","meta":{"footnotes":""},"class_list":["post-1630","page","type-page","status-publish","hentry"],"yoast_head":"<!-- This site is optimized with the Yoast SEO plugin v20.7 - https:\/\/yoast.com\/wordpress\/plugins\/seo\/ -->\n<title>Consejo Editorial - Aspira Virtualni Muzej iseljeni\u0161tva Dalmacije<\/title>\n<meta name=\"robots\" content=\"index, follow, max-snippet:-1, max-image-preview:large, max-video-preview:-1\" \/>\n<link rel=\"canonical\" href=\"https:\/\/virtualnimuzej.aspira.hr\/es\/consejo-editorial\/\" \/>\n<meta property=\"og:locale\" content=\"es_ES\" \/>\n<meta property=\"og:type\" content=\"article\" \/>\n<meta property=\"og:title\" content=\"Consejo Editorial - Aspira Virtualni Muzej iseljeni\u0161tva Dalmacije\" \/>\n<meta property=\"og:description\" content=\"&nbsp; Budak, Luka mr. sc., Macquarie University, Sydney, Australija Dedi\u0107, Snje\u017eana, Santa Cruz de la Sierra, Bolivija Dela Torre Damianovic, Lucas prof., Punta Arenas, \u010cile Grbi\u0107, Darinka, Universidad Nacional, San [&hellip;]\" \/>\n<meta property=\"og:url\" content=\"https:\/\/virtualnimuzej.aspira.hr\/es\/consejo-editorial\/\" \/>\n<meta property=\"og:site_name\" content=\"Aspira Virtualni Muzej iseljeni\u0161tva Dalmacije\" \/>\n<meta property=\"article:modified_time\" content=\"2022-10-03T15:14:52+00:00\" \/>\n<meta name=\"twitter:card\" content=\"summary_large_image\" \/>\n<meta name=\"twitter:label1\" content=\"Tiempo de lectura\" \/>\n\t<meta name=\"twitter:data1\" content=\"1 minuto\" \/>\n<script type=\"application\/ld+json\" class=\"yoast-schema-graph\">{\"@context\":\"https:\/\/schema.org\",\"@graph\":[{\"@type\":\"WebPage\",\"@id\":\"https:\/\/virtualnimuzej.aspira.hr\/es\/consejo-editorial\/\",\"url\":\"https:\/\/virtualnimuzej.aspira.hr\/es\/consejo-editorial\/\",\"name\":\"Consejo Editorial - Aspira Virtualni Muzej iseljeni\u0161tva Dalmacije\",\"isPartOf\":{\"@id\":\"https:\/\/virtualnimuzej.aspira.hr\/#website\"},\"datePublished\":\"2022-05-10T23:52:27+00:00\",\"dateModified\":\"2022-10-03T15:14:52+00:00\",\"breadcrumb\":{\"@id\":\"https:\/\/virtualnimuzej.aspira.hr\/es\/consejo-editorial\/#breadcrumb\"},\"inLanguage\":\"es\",\"potentialAction\":[{\"@type\":\"ReadAction\",\"target\":[\"https:\/\/virtualnimuzej.aspira.hr\/es\/consejo-editorial\/\"]}]},{\"@type\":\"BreadcrumbList\",\"@id\":\"https:\/\/virtualnimuzej.aspira.hr\/es\/consejo-editorial\/#breadcrumb\",\"itemListElement\":[{\"@type\":\"ListItem\",\"position\":1,\"name\":\"Naslovna\",\"item\":\"https:\/\/virtualnimuzej.aspira.hr\/es\/\"},{\"@type\":\"ListItem\",\"position\":2,\"name\":\"Consejo Editorial\"}]},{\"@type\":\"WebSite\",\"@id\":\"https:\/\/virtualnimuzej.aspira.hr\/#website\",\"url\":\"https:\/\/virtualnimuzej.aspira.hr\/\",\"name\":\"Aspira Virtualni Muzej iseljeni\u0161tva Dalmacije\",\"description\":\"Muzej iseljeni\u0161tva je zami\u0161ljen kao mjesto skupljanja i prezentacije gra\u0111e o hrvatskom iseljeni\u0161tvu i povijesti iseljavanja koja nikada nije bila dovoljno istra\u017eena.\",\"potentialAction\":[{\"@type\":\"SearchAction\",\"target\":{\"@type\":\"EntryPoint\",\"urlTemplate\":\"https:\/\/virtualnimuzej.aspira.hr\/?s={search_term_string}\"},\"query-input\":\"required name=search_term_string\"}],\"inLanguage\":\"es\"}]}<\/script>\n<!-- \/ Yoast SEO plugin. -->","yoast_head_json":{"title":"Consejo Editorial - Aspira Virtualni Muzej iseljeni\u0161tva Dalmacije","robots":{"index":"index","follow":"follow","max-snippet":"max-snippet:-1","max-image-preview":"max-image-preview:large","max-video-preview":"max-video-preview:-1"},"canonical":"https:\/\/virtualnimuzej.aspira.hr\/es\/consejo-editorial\/","og_locale":"es_ES","og_type":"article","og_title":"Consejo Editorial - Aspira Virtualni Muzej iseljeni\u0161tva Dalmacije","og_description":"&nbsp; Budak, Luka mr. sc., Macquarie University, Sydney, Australija Dedi\u0107, Snje\u017eana, Santa Cruz de la Sierra, Bolivija Dela Torre Damianovic, Lucas prof., Punta Arenas, \u010cile Grbi\u0107, Darinka, Universidad Nacional, San [&hellip;]","og_url":"https:\/\/virtualnimuzej.aspira.hr\/es\/consejo-editorial\/","og_site_name":"Aspira Virtualni Muzej iseljeni\u0161tva Dalmacije","article_modified_time":"2022-10-03T15:14:52+00:00","twitter_card":"summary_large_image","twitter_misc":{"Tiempo de lectura":"1 minuto"},"schema":{"@context":"https:\/\/schema.org","@graph":[{"@type":"WebPage","@id":"https:\/\/virtualnimuzej.aspira.hr\/es\/consejo-editorial\/","url":"https:\/\/virtualnimuzej.aspira.hr\/es\/consejo-editorial\/","name":"Consejo Editorial - Aspira Virtualni Muzej iseljeni\u0161tva Dalmacije","isPartOf":{"@id":"https:\/\/virtualnimuzej.aspira.hr\/#website"},"datePublished":"2022-05-10T23:52:27+00:00","dateModified":"2022-10-03T15:14:52+00:00","breadcrumb":{"@id":"https:\/\/virtualnimuzej.aspira.hr\/es\/consejo-editorial\/#breadcrumb"},"inLanguage":"es","potentialAction":[{"@type":"ReadAction","target":["https:\/\/virtualnimuzej.aspira.hr\/es\/consejo-editorial\/"]}]},{"@type":"BreadcrumbList","@id":"https:\/\/virtualnimuzej.aspira.hr\/es\/consejo-editorial\/#breadcrumb","itemListElement":[{"@type":"ListItem","position":1,"name":"Naslovna","item":"https:\/\/virtualnimuzej.aspira.hr\/es\/"},{"@type":"ListItem","position":2,"name":"Consejo Editorial"}]},{"@type":"WebSite","@id":"https:\/\/virtualnimuzej.aspira.hr\/#website","url":"https:\/\/virtualnimuzej.aspira.hr\/","name":"Aspira Virtualni Muzej iseljeni\u0161tva Dalmacije","description":"Muzej iseljeni\u0161tva je zami\u0161ljen kao mjesto skupljanja i prezentacije gra\u0111e o hrvatskom iseljeni\u0161tvu i povijesti iseljavanja koja nikada nije bila dovoljno istra\u017eena.","potentialAction":[{"@type":"SearchAction","target":{"@type":"EntryPoint","urlTemplate":"https:\/\/virtualnimuzej.aspira.hr\/?s={search_term_string}"},"query-input":"required name=search_term_string"}],"inLanguage":"es"}]}},"_links":{"self":[{"href":"https:\/\/virtualnimuzej.aspira.hr\/es\/wp-json\/wp\/v2\/pages\/1630","targetHints":{"allow":["GET"]}}],"collection":[{"href":"https:\/\/virtualnimuzej.aspira.hr\/es\/wp-json\/wp\/v2\/pages"}],"about":[{"href":"https:\/\/virtualnimuzej.aspira.hr\/es\/wp-json\/wp\/v2\/types\/page"}],"author":[{"embeddable":true,"href":"https:\/\/virtualnimuzej.aspira.hr\/es\/wp-json\/wp\/v2\/users\/1"}],"replies":[{"embeddable":true,"href":"https:\/\/virtualnimuzej.aspira.hr\/es\/wp-json\/wp\/v2\/comments?post=1630"}],"version-history":[{"count":2,"href":"https:\/\/virtualnimuzej.aspira.hr\/es\/wp-json\/wp\/v2\/pages\/1630\/revisions"}],"predecessor-version":[{"id":5365,"href":"https:\/\/virtualnimuzej.aspira.hr\/es\/wp-json\/wp\/v2\/pages\/1630\/revisions\/5365"}],"wp:attachment":[{"href":"https:\/\/virtualnimuzej.aspira.hr\/es\/wp-json\/wp\/v2\/media?parent=1630"}],"curies":[{"name":"wp","href":"https:\/\/api.w.org\/{rel}","templated":true}]}}