{"id":2098,"date":"2022-05-09T22:30:22","date_gmt":"2022-05-09T20:30:22","guid":{"rendered":"https:\/\/virtualnimuzej.aspira.hr\/o-aspiri\/"},"modified":"2022-08-22T15:19:03","modified_gmt":"2022-08-22T13:19:03","slug":"sobre-aspira","status":"publish","type":"page","link":"https:\/\/virtualnimuzej.aspira.hr\/es\/sobre-aspira\/","title":{"rendered":"Sobre Aspira"},"content":{"rendered":"<div class=\"fusion-fullwidth fullwidth-box fusion-builder-row-1 fusion-flex-container nonhundred-percent-fullwidth non-hundred-percent-height-scrolling\" style=\"background-color: rgba(255,255,255,0);background-position: center center;background-repeat: no-repeat;border-width: 0px 0px 0px 0px;border-color:var(--awb-color3);border-style:solid;\" ><div class=\"fusion-builder-row fusion-row fusion-flex-align-items-flex-start\" style=\"max-width:1248px;margin-left: calc(-4% \/ 2 );margin-right: calc(-4% \/ 2 );\"><div class=\"fusion-layout-column fusion_builder_column fusion-builder-column-0 fusion_builder_column_1_2 1_2 fusion-flex-column\"><div class=\"fusion-column-wrapper fusion-flex-justify-content-flex-start fusion-content-layout-column\" style=\"background-position:left top;background-repeat:no-repeat;-webkit-background-size:cover;-moz-background-size:cover;-o-background-size:cover;background-size:cover;padding: 0px 0px 0px 0px;\"><style type=\"text\/css\">@media only screen and (max-width:1024px) {.fusion-title.fusion-title-1{margin-top:10px!important; margin-right:0px!important;margin-bottom:15px!important;margin-left:0px!important;}}@media only screen and (max-width:640px) {.fusion-title.fusion-title-1{margin-top:10px!important; margin-right:0px!important;margin-bottom:10px!important; margin-left:0px!important;}}<\/style><div class=\"fusion-title title fusion-title-1 fusion-sep-none fusion-title-text fusion-title-size-one\" style=\"margin-top:10px;margin-right:0px;margin-bottom:15px;margin-left:0px;\"><h1 class=\"title-heading-left\" style=\"margin:0;\">Sobre Aspira:<\/h1><\/div><div class=\"fusion-text fusion-text-1\"><p>Aspira University College (Universidad Aspira) se fund\u00f3 en 2008 y, junto con el Contemporary College (Universidad contemporaria) y el Atlantis Maritime College (Atlantis universidad maritima), forma parte de uno de los grupos educativos privados m\u00e1s grandes de Croacia, que hoy opera en dos de los mayores holdings. Lo que diferencia a Aspira de otras instituciones educativas es la orientaci\u00f3n hacia la adquisici\u00f3n de conocimientos pr\u00e1cticos y aplicables a nivel mundial. Hoy, Aspira, como instituci\u00f3n privada y sin fines de lucro, realiza estudios profesionales en Gesti\u00f3n Deportiva, Inform\u00e1tica &#8211; Ingenier\u00eda del Software, Gesti\u00f3n Internacional en Hoteler\u00eda y Turismo y Gesti\u00f3n Tur\u00edstica Hotelera, que se desarrolla en un campo profesional y cient\u00edfico.<\/p>\n<p>Puede encontrar m\u00e1s informaci\u00f3n en la <a href=\"https:\/\/www.aspira.hr\/en\/study-programs\/\" target=\"_blank\" rel=\"noopener\"><span style=\"color: #ff0000;\"><strong>lista de programas de estudio<\/strong><\/span><\/a>. Hoy en dia Aspira cuenta con m\u00e1s de 250 empleados a tiempo completo y colaboradores externos. La Universidad est\u00e1 registrada de acuerdo con la Ley de Educaci\u00f3n Superior y reconocida como una instituci\u00f3n de alta calidad y certificada con el certificado ISO para la calidad de la ense\u00f1anza. Aspira coopera con numerosas organizaciones, y la opini\u00f3n de las organizaciones relacionadas con las necesidades del mercado laboral es extremadamente importante.<\/p>\n<\/div><\/div><style type=\"text\/css\">.fusion-body .fusion-builder-column-0{width:50% !important;margin-top : 0px;margin-bottom : 20px;}.fusion-builder-column-0 > .fusion-column-wrapper {padding-top : 0px !important;padding-right : 0px !important;margin-right : 3.84%;padding-bottom : 0px !important;padding-left : 0px !important;margin-left : 3.84%;}@media only screen and (max-width:1024px) {.fusion-body .fusion-builder-column-0{width:50% !important;order : 0;}.fusion-builder-column-0 > .fusion-column-wrapper {margin-right : 3.84%;margin-left : 3.84%;}}@media only screen and (max-width:640px) {.fusion-body .fusion-builder-column-0{width:100% !important;order : 0;}.fusion-builder-column-0 > .fusion-column-wrapper {margin-right : 1.92%;margin-left : 1.92%;}}<\/style><\/div><div class=\"fusion-layout-column fusion_builder_column fusion-builder-column-1 fusion_builder_column_1_2 1_2 fusion-flex-column\"><div class=\"fusion-column-wrapper fusion-flex-justify-content-flex-start fusion-content-layout-column\" style=\"background-position:left top;background-repeat:no-repeat;-webkit-background-size:cover;-moz-background-size:cover;-o-background-size:cover;background-size:cover;padding: 0px 0px 0px 0px;\"><style type=\"text\/css\">@media only screen and (max-width:1024px) {.fusion-title.fusion-title-2{margin-top:10px!important; margin-right:0px!important;margin-bottom:15px!important;margin-left:0px!important;}}@media only screen and (max-width:640px) {.fusion-title.fusion-title-2{margin-top:10px!important; margin-right:0px!important;margin-bottom:10px!important; margin-left:0px!important;}}<\/style><div class=\"fusion-title title fusion-title-2 fusion-sep-none fusion-title-text fusion-title-size-one\" style=\"margin-top:10px;margin-right:0px;margin-bottom:15px;margin-left:0px;\"><h1 class=\"title-heading-left\" style=\"margin:0;\">Lo que ofrecemos:<\/h1><\/div><div class=\"fusion-text fusion-text-2\"><p>Adem\u00e1s de los seis programas de estudio que ofrece Aspira, la oferta tambi\u00e9n incluye una gran cantidad de programas educativos de diferente contenido y duraci\u00f3n que se ofrecen de acuerdo con las necesidades del mercado laboral y los intereses de los clientes de Aspira.<\/p>\n<p>Aspira ofrece un gran n\u00famero de programas de educaci\u00f3n y formaci\u00f3n en los campos del turismo, gesti\u00f3n, programas empresariales, turismo n\u00e1utico, ciencias de la informaci\u00f3n y otras actividades. Todos los programas permiten a los participantes adquirir valiosos conocimientos con \u00e9nfasis en habilidades pr\u00e1cticas que les brindan una excelente posici\u00f3n inicial en el mercado laboral, y para aquellos que ya est\u00e1n empleados, aseguran que siempre est\u00e9n al d\u00eda con las tendencias para asegurar su futuro en la carrera que quieren seguir. Los participantes que se matriculan en programas de educaci\u00f3n y formaci\u00f3n adquieren certificados que se inscriben en el libro e-trabajo y as\u00ed formalizan los t\u00edtulos adquiridos.<\/p>\n<p>Adem\u00e1s, se ofrece un gran n\u00famero de carreras breves, centradas en conocimientos concretos y pr\u00e1cticos, que a menudo se organizan en cooperaci\u00f3n con algunas de las numerosas instituciones asociadas. En tales casos, se crean programas completamente nuevos hechos a medida, que se adaptan completamente a las necesidades de los participantes y aseguran que adquieran exactamente los conocimientos y habilidades necesarios para un trabajo exitoso.<\/p>\n<p>En el <a href=\"https:\/\/www.aspira.hr\/en\/lifelong-learning\/\" target=\"_blank\" rel=\"noopener\"><span style=\"color: #ff0000;\"><strong>listado de programas<\/strong><\/span><\/a> pueden encontrar informaci\u00f3n m\u00e1s detallada sobre los programas formales y formativos que se llevan a cabo.<\/p>\n<\/div><\/div><style type=\"text\/css\">.fusion-body .fusion-builder-column-1{width:50% !important;margin-top : 0px;margin-bottom : 20px;}.fusion-builder-column-1 > .fusion-column-wrapper {padding-top : 0px !important;padding-right : 0px !important;margin-right : 3.84%;padding-bottom : 0px !important;padding-left : 0px !important;margin-left : 3.84%;}@media only screen and (max-width:1024px) {.fusion-body .fusion-builder-column-1{width:50% !important;order : 0;}.fusion-builder-column-1 > .fusion-column-wrapper {margin-right : 3.84%;margin-left : 3.84%;}}@media only screen and (max-width:640px) {.fusion-body .fusion-builder-column-1{width:100% !important;order : 0;}.fusion-builder-column-1 > .fusion-column-wrapper {margin-right : 1.92%;margin-left : 1.92%;}}<\/style><\/div><\/div><style type=\"text\/css\">.fusion-body .fusion-flex-container.fusion-builder-row-1{ padding-top : 0px;margin-top : 0px;padding-right : 0px;padding-bottom : 0px;margin-bottom : 0px;padding-left : 0px;}<\/style><\/div>\n","protected":false},"excerpt":{"rendered":"","protected":false},"author":1,"featured_media":0,"parent":0,"menu_order":0,"comment_status":"closed","ping_status":"closed","template":"100-width.php","meta":{"footnotes":""},"class_list":["post-2098","page","type-page","status-publish","hentry"],"yoast_head":"<!-- This site is optimized with the Yoast SEO plugin v20.7 - https:\/\/yoast.com\/wordpress\/plugins\/seo\/ -->\n<title>Sobre Aspira - Aspira Virtualni Muzej iseljeni\u0161tva Dalmacije<\/title>\n<meta name=\"robots\" content=\"index, follow, max-snippet:-1, max-image-preview:large, max-video-preview:-1\" \/>\n<link rel=\"canonical\" href=\"https:\/\/virtualnimuzej.aspira.hr\/es\/sobre-aspira\/\" \/>\n<meta property=\"og:locale\" content=\"es_ES\" \/>\n<meta property=\"og:type\" content=\"article\" \/>\n<meta property=\"og:title\" content=\"Sobre Aspira - Aspira Virtualni Muzej iseljeni\u0161tva Dalmacije\" \/>\n<meta property=\"og:url\" content=\"https:\/\/virtualnimuzej.aspira.hr\/es\/sobre-aspira\/\" \/>\n<meta property=\"og:site_name\" content=\"Aspira Virtualni Muzej iseljeni\u0161tva Dalmacije\" \/>\n<meta property=\"article:modified_time\" content=\"2022-08-22T13:19:03+00:00\" \/>\n<meta name=\"twitter:card\" content=\"summary_large_image\" \/>\n<meta name=\"twitter:label1\" content=\"Tiempo de lectura\" \/>\n\t<meta name=\"twitter:data1\" content=\"5 minutos\" \/>\n<script type=\"application\/ld+json\" class=\"yoast-schema-graph\">{\"@context\":\"https:\/\/schema.org\",\"@graph\":[{\"@type\":\"WebPage\",\"@id\":\"https:\/\/virtualnimuzej.aspira.hr\/es\/sobre-aspira\/\",\"url\":\"https:\/\/virtualnimuzej.aspira.hr\/es\/sobre-aspira\/\",\"name\":\"Sobre Aspira - Aspira Virtualni Muzej iseljeni\u0161tva Dalmacije\",\"isPartOf\":{\"@id\":\"https:\/\/virtualnimuzej.aspira.hr\/#website\"},\"datePublished\":\"2022-05-09T20:30:22+00:00\",\"dateModified\":\"2022-08-22T13:19:03+00:00\",\"breadcrumb\":{\"@id\":\"https:\/\/virtualnimuzej.aspira.hr\/es\/sobre-aspira\/#breadcrumb\"},\"inLanguage\":\"es\",\"potentialAction\":[{\"@type\":\"ReadAction\",\"target\":[\"https:\/\/virtualnimuzej.aspira.hr\/es\/sobre-aspira\/\"]}]},{\"@type\":\"BreadcrumbList\",\"@id\":\"https:\/\/virtualnimuzej.aspira.hr\/es\/sobre-aspira\/#breadcrumb\",\"itemListElement\":[{\"@type\":\"ListItem\",\"position\":1,\"name\":\"Naslovna\",\"item\":\"https:\/\/virtualnimuzej.aspira.hr\/es\/\"},{\"@type\":\"ListItem\",\"position\":2,\"name\":\"Sobre Aspira\"}]},{\"@type\":\"WebSite\",\"@id\":\"https:\/\/virtualnimuzej.aspira.hr\/#website\",\"url\":\"https:\/\/virtualnimuzej.aspira.hr\/\",\"name\":\"Aspira Virtualni Muzej iseljeni\u0161tva Dalmacije\",\"description\":\"Muzej iseljeni\u0161tva je zami\u0161ljen kao mjesto skupljanja i prezentacije gra\u0111e o hrvatskom iseljeni\u0161tvu i povijesti iseljavanja koja nikada nije bila dovoljno istra\u017eena.\",\"potentialAction\":[{\"@type\":\"SearchAction\",\"target\":{\"@type\":\"EntryPoint\",\"urlTemplate\":\"https:\/\/virtualnimuzej.aspira.hr\/?s={search_term_string}\"},\"query-input\":\"required name=search_term_string\"}],\"inLanguage\":\"es\"}]}<\/script>\n<!-- \/ Yoast SEO plugin. -->","yoast_head_json":{"title":"Sobre Aspira - Aspira Virtualni Muzej iseljeni\u0161tva Dalmacije","robots":{"index":"index","follow":"follow","max-snippet":"max-snippet:-1","max-image-preview":"max-image-preview:large","max-video-preview":"max-video-preview:-1"},"canonical":"https:\/\/virtualnimuzej.aspira.hr\/es\/sobre-aspira\/","og_locale":"es_ES","og_type":"article","og_title":"Sobre Aspira - Aspira Virtualni Muzej iseljeni\u0161tva Dalmacije","og_url":"https:\/\/virtualnimuzej.aspira.hr\/es\/sobre-aspira\/","og_site_name":"Aspira Virtualni Muzej iseljeni\u0161tva Dalmacije","article_modified_time":"2022-08-22T13:19:03+00:00","twitter_card":"summary_large_image","twitter_misc":{"Tiempo de lectura":"5 minutos"},"schema":{"@context":"https:\/\/schema.org","@graph":[{"@type":"WebPage","@id":"https:\/\/virtualnimuzej.aspira.hr\/es\/sobre-aspira\/","url":"https:\/\/virtualnimuzej.aspira.hr\/es\/sobre-aspira\/","name":"Sobre Aspira - Aspira Virtualni Muzej iseljeni\u0161tva Dalmacije","isPartOf":{"@id":"https:\/\/virtualnimuzej.aspira.hr\/#website"},"datePublished":"2022-05-09T20:30:22+00:00","dateModified":"2022-08-22T13:19:03+00:00","breadcrumb":{"@id":"https:\/\/virtualnimuzej.aspira.hr\/es\/sobre-aspira\/#breadcrumb"},"inLanguage":"es","potentialAction":[{"@type":"ReadAction","target":["https:\/\/virtualnimuzej.aspira.hr\/es\/sobre-aspira\/"]}]},{"@type":"BreadcrumbList","@id":"https:\/\/virtualnimuzej.aspira.hr\/es\/sobre-aspira\/#breadcrumb","itemListElement":[{"@type":"ListItem","position":1,"name":"Naslovna","item":"https:\/\/virtualnimuzej.aspira.hr\/es\/"},{"@type":"ListItem","position":2,"name":"Sobre Aspira"}]},{"@type":"WebSite","@id":"https:\/\/virtualnimuzej.aspira.hr\/#website","url":"https:\/\/virtualnimuzej.aspira.hr\/","name":"Aspira Virtualni Muzej iseljeni\u0161tva Dalmacije","description":"Muzej iseljeni\u0161tva je zami\u0161ljen kao mjesto skupljanja i prezentacije gra\u0111e o hrvatskom iseljeni\u0161tvu i povijesti iseljavanja koja nikada nije bila dovoljno istra\u017eena.","potentialAction":[{"@type":"SearchAction","target":{"@type":"EntryPoint","urlTemplate":"https:\/\/virtualnimuzej.aspira.hr\/?s={search_term_string}"},"query-input":"required name=search_term_string"}],"inLanguage":"es"}]}},"_links":{"self":[{"href":"https:\/\/virtualnimuzej.aspira.hr\/es\/wp-json\/wp\/v2\/pages\/2098","targetHints":{"allow":["GET"]}}],"collection":[{"href":"https:\/\/virtualnimuzej.aspira.hr\/es\/wp-json\/wp\/v2\/pages"}],"about":[{"href":"https:\/\/virtualnimuzej.aspira.hr\/es\/wp-json\/wp\/v2\/types\/page"}],"author":[{"embeddable":true,"href":"https:\/\/virtualnimuzej.aspira.hr\/es\/wp-json\/wp\/v2\/users\/1"}],"replies":[{"embeddable":true,"href":"https:\/\/virtualnimuzej.aspira.hr\/es\/wp-json\/wp\/v2\/comments?post=2098"}],"version-history":[{"count":3,"href":"https:\/\/virtualnimuzej.aspira.hr\/es\/wp-json\/wp\/v2\/pages\/2098\/revisions"}],"predecessor-version":[{"id":2103,"href":"https:\/\/virtualnimuzej.aspira.hr\/es\/wp-json\/wp\/v2\/pages\/2098\/revisions\/2103"}],"wp:attachment":[{"href":"https:\/\/virtualnimuzej.aspira.hr\/es\/wp-json\/wp\/v2\/media?parent=2098"}],"curies":[{"name":"wp","href":"https:\/\/api.w.org\/{rel}","templated":true}]}}